{"id":2,"date":"2024-04-03T23:32:07","date_gmt":"2024-04-03T21:32:07","guid":{"rendered":"https:\/\/www.storesjon.se\/?page_id=2"},"modified":"2025-02-24T11:33:14","modified_gmt":"2025-02-24T10:33:14","slug":"exempelsida","status":"publish","type":"page","link":"https:\/\/www.storesjon.se\/?page_id=2","title":{"rendered":"Storesj\u00f6ns fiskev\u00e5rdsomr\u00e5de"},"content":{"rendered":"\n<p><strong>Storesj\u00f6n<\/strong>&nbsp;\u00e4r en&nbsp;sj\u00f6&nbsp;i&nbsp;N\u00e4ssj\u00f6 kommun&nbsp;i&nbsp;Sm\u00e5land&nbsp;och ing\u00e5r i&nbsp;<a href=\"https:\/\/sv.wikipedia.org\/wiki\/Em%C3%A5n\">Em\u00e5ns<\/a>&nbsp;huvudavrinningsomr\u00e5de. Storesj\u00f6n ligger utanf\u00f6r samh\u00e4llet&nbsp;<a href=\"https:\/\/sv.wikipedia.org\/wiki\/Bodafors\">Bodafors<\/a>&nbsp;i&nbsp;Sm\u00e5land. Sj\u00f6n \u00e4r \u00e4ven k\u00e4nd f\u00f6r att&nbsp;<a href=\"https:\/\/sv.wikipedia.org\/wiki\/S%C3%B6dra_stambanan\">S\u00f6dra stambanan<\/a>&nbsp;genomklyver den och j\u00e4rnv\u00e4gen har gjort s\u00e5 allt sedan banan byggdes p\u00e5 1860-talet.&nbsp;<\/p>\n\n\n\n<p>Mer information om Storesj\u00f6n finns p\u00e5 <a href=\"https:\/\/sv.wikipedia.org\/wiki\/Storesj%C3%B6n\">Wikipedia<\/a>. <\/p>\n\n\n\n<p>Storesj\u00f6ns fiskev\u00e5rdsomr\u00e5de \u00e4r en f\u00f6rening f\u00f6r att samordna fiskets bedrivande och fiskev\u00e5rden, att fr\u00e4mja fisker\u00e4ttsinnehavarnas gemensamma intressen med beaktande av de f\u00f6reskrifter som g\u00e4ller f\u00f6r fiskets ut\u00f6vande samt att uppl\u00e5ta fisker\u00e4tt till allm\u00e4nheten (fr\u00e5n stadgarnas \u00a73: &#8221;Syfte&#8221;). <\/p>\n\n\n\n<p>Varje \u00e5r v\u00e4ljs en styrelse f\u00f6r f\u00f6reningen. Fram till \u00e5rsm\u00f6tet 2025 \u00e4r Magnus H\u00f6ij, Sj\u00f6arp, ordf\u00f6rande. Han kan n\u00e5s p\u00e5 magnus.hoij@gmail.com.<\/p>\n","protected":false},"excerpt":{"rendered":"<p>Storesj\u00f6n&nbsp;\u00e4r en&nbsp;sj\u00f6&nbsp;i&nbsp;N\u00e4ssj\u00f6 kommun&nbsp;i&nbsp;Sm\u00e5land&nbsp;och ing\u00e5r i&nbsp;Em\u00e5ns&nbsp;huvudavrinningsomr\u00e5de. Storesj\u00f6n ligger utanf\u00f6r samh\u00e4llet&nbsp;Bodafors&nbsp;i&nbsp;Sm\u00e5land. Sj\u00f6n \u00e4r \u00e4ven k\u00e4nd f\u00f6r att&nbsp;S\u00f6dra stambanan&nbsp;genomklyver den och j\u00e4rnv\u00e4gen har gjort s\u00e5 allt sedan banan byggdes p\u00e5 1860-talet.&nbsp; Mer information om Storesj\u00f6n finns p\u00e5 Wikipedia. Storesj\u00f6ns fiskev\u00e5rdsomr\u00e5de \u00e4r en f\u00f6rening f\u00f6r att samordna fiskets bedrivande och fiskev\u00e5rden, att fr\u00e4mja fisker\u00e4ttsinnehavarnas gemensamma intressen med beaktande av [&hellip;]<\/p>\n","protected":false},"author":1,"featured_media":0,"parent":0,"menu_order":0,"comment_status":"closed","ping_status":"open","template":"","meta":{"om_disable_all_campaigns":false,"_monsterinsights_skip_tracking":false,"_monsterinsights_sitenote_active":false,"_monsterinsights_sitenote_note":"","_monsterinsights_sitenote_category":0,"_uf_show_specific_survey":0,"_uf_disable_surveys":false,"footnotes":""},"class_list":["post-2","page","type-page","status-publish","hentry"],"aioseo_notices":[],"_links":{"self":[{"href":"https:\/\/www.storesjon.se\/index.php?rest_route=\/wp\/v2\/pages\/2","targetHints":{"allow":["GET"]}}],"collection":[{"href":"https:\/\/www.storesjon.se\/index.php?rest_route=\/wp\/v2\/pages"}],"about":[{"href":"https:\/\/www.storesjon.se\/index.php?rest_route=\/wp\/v2\/types\/page"}],"author":[{"embeddable":true,"href":"https:\/\/www.storesjon.se\/index.php?rest_route=\/wp\/v2\/users\/1"}],"replies":[{"embeddable":true,"href":"https:\/\/www.storesjon.se\/index.php?rest_route=%2Fwp%2Fv2%2Fcomments&post=2"}],"version-history":[{"count":6,"href":"https:\/\/www.storesjon.se\/index.php?rest_route=\/wp\/v2\/pages\/2\/revisions"}],"predecessor-version":[{"id":75,"href":"https:\/\/www.storesjon.se\/index.php?rest_route=\/wp\/v2\/pages\/2\/revisions\/75"}],"wp:attachment":[{"href":"https:\/\/www.storesjon.se\/index.php?rest_route=%2Fwp%2Fv2%2Fmedia&parent=2"}],"curies":[{"name":"wp","href":"https:\/\/api.w.org\/{rel}","templated":true}]}}