{"id":26,"date":"2024-04-04T08:52:51","date_gmt":"2024-04-04T06:52:51","guid":{"rendered":"https:\/\/www.storesjon.se\/?page_id=26"},"modified":"2024-04-04T10:46:37","modified_gmt":"2024-04-04T08:46:37","slug":"ifiske","status":"publish","type":"page","link":"https:\/\/www.storesjon.se\/?page_id=26","title":{"rendered":"Ifiske"},"content":{"rendered":"\n<p>Vill du fiska i Storesj\u00f6n beh\u00f6ver du ett fiskekort. Vi anv\u00e4nder Ifiske, vilket g\u00f6r det l\u00e4tt och snabbt att komma ig\u00e5ng.<\/p>\n\n\n\n<p>Ladda ner Ifiske-appen till din telefon och betala ditt fiskekort d\u00e4r!<\/p>\n\n\n\n<figure class=\"wp-block-table\"><table><tbody><tr><td><img loading=\"lazy\" decoding=\"async\" src=\"https:\/\/www.ifiske.se\/img\/app.png\" alt=\"iPhone App\" width=\"96\" height=\"96\"><\/td><td><img loading=\"lazy\" decoding=\"async\" src=\"https:\/\/www.ifiske.se\/img\/app.png\" alt=\"iPhone App\" width=\"96\" height=\"96\"><\/td><\/tr><tr><td><a href=\"https:\/\/play.google.com\/store\/apps\/details?id=se.iFiske.fiskekort\">Android<\/a><\/td><td><a href=\"https:\/\/apps.apple.com\/se\/app\/ifiske-enklare-fiskekort\/id727821650\">iPhone \/ iPad<\/a><\/td><\/tr><\/tbody><\/table><\/figure>\n\n\n\n<h2 class=\"wp-block-heading\">QR-koder till appen<\/h2>\n\n\n\n<p><br>Beh\u00f6ver du en QR-kod till appen s\u00e5 fungerar dessa bra:<\/p>\n\n\n\n<p>F\u00f6r Iphone: <\/p>\n\n\n\n<figure class=\"wp-block-image size-full\"><img loading=\"lazy\" decoding=\"async\" width=\"200\" height=\"200\" src=\"https:\/\/www.storesjon.se\/wp-content\/uploads\/2024\/04\/QR-iFiske-App_iOS.png\" alt=\"\" class=\"wp-image-46\" srcset=\"https:\/\/www.storesjon.se\/wp-content\/uploads\/2024\/04\/QR-iFiske-App_iOS.png 200w, https:\/\/www.storesjon.se\/wp-content\/uploads\/2024\/04\/QR-iFiske-App_iOS-150x150.png 150w\" sizes=\"auto, (max-width: 200px) 100vw, 200px\" \/><\/figure>\n\n\n\n<p>F\u00f6r Android:<\/p>\n\n\n\n<figure class=\"wp-block-image size-full\"><img loading=\"lazy\" decoding=\"async\" width=\"200\" height=\"200\" src=\"https:\/\/www.storesjon.se\/wp-content\/uploads\/2024\/04\/QR-iFiske-App_Android.png\" alt=\"\" class=\"wp-image-47\" srcset=\"https:\/\/www.storesjon.se\/wp-content\/uploads\/2024\/04\/QR-iFiske-App_Android.png 200w, https:\/\/www.storesjon.se\/wp-content\/uploads\/2024\/04\/QR-iFiske-App_Android-150x150.png 150w\" sizes=\"auto, (max-width: 200px) 100vw, 200px\" \/><\/figure>\n","protected":false},"excerpt":{"rendered":"<p>Vill du fiska i Storesj\u00f6n beh\u00f6ver du ett fiskekort. Vi anv\u00e4nder Ifiske, vilket g\u00f6r det l\u00e4tt och snabbt att komma ig\u00e5ng. Ladda ner Ifiske-appen till din telefon och betala ditt fiskekort d\u00e4r! Android iPhone \/ iPad QR-koder till appen Beh\u00f6ver du en QR-kod till appen s\u00e5 fungerar dessa bra: F\u00f6r Iphone: F\u00f6r Android:<\/p>\n","protected":false},"author":1,"featured_media":0,"parent":0,"menu_order":0,"comment_status":"closed","ping_status":"closed","template":"","meta":{"om_disable_all_campaigns":false,"_monsterinsights_skip_tracking":false,"_monsterinsights_sitenote_active":false,"_monsterinsights_sitenote_note":"","_monsterinsights_sitenote_category":0,"_uf_show_specific_survey":0,"_uf_disable_surveys":false,"footnotes":""},"class_list":["post-26","page","type-page","status-publish","hentry"],"aioseo_notices":[],"_links":{"self":[{"href":"https:\/\/www.storesjon.se\/index.php?rest_route=\/wp\/v2\/pages\/26","targetHints":{"allow":["GET"]}}],"collection":[{"href":"https:\/\/www.storesjon.se\/index.php?rest_route=\/wp\/v2\/pages"}],"about":[{"href":"https:\/\/www.storesjon.se\/index.php?rest_route=\/wp\/v2\/types\/page"}],"author":[{"embeddable":true,"href":"https:\/\/www.storesjon.se\/index.php?rest_route=\/wp\/v2\/users\/1"}],"replies":[{"embeddable":true,"href":"https:\/\/www.storesjon.se\/index.php?rest_route=%2Fwp%2Fv2%2Fcomments&post=26"}],"version-history":[{"count":2,"href":"https:\/\/www.storesjon.se\/index.php?rest_route=\/wp\/v2\/pages\/26\/revisions"}],"predecessor-version":[{"id":48,"href":"https:\/\/www.storesjon.se\/index.php?rest_route=\/wp\/v2\/pages\/26\/revisions\/48"}],"wp:attachment":[{"href":"https:\/\/www.storesjon.se\/index.php?rest_route=%2Fwp%2Fv2%2Fmedia&parent=26"}],"curies":[{"name":"wp","href":"https:\/\/api.w.org\/{rel}","templated":true}]}}