{"id":33,"date":"2024-04-04T09:04:44","date_gmt":"2024-04-04T07:04:44","guid":{"rendered":"https:\/\/www.storesjon.se\/?page_id=33"},"modified":"2024-04-04T09:08:39","modified_gmt":"2024-04-04T07:08:39","slug":"kraftfiske","status":"publish","type":"page","link":"https:\/\/www.storesjon.se\/?page_id=33","title":{"rendered":"Kr\u00e4ftfiske"},"content":{"rendered":"\n<p>Det g\u00e5r att fiska signalkr\u00e4ftor i Storesj\u00f6n f\u00f6r den med fisker\u00e4tt, det vill s\u00e4ga mark\u00e4gare runt sj\u00f6n. Fiskekortet via Ifiske ger inte r\u00e4tt att fiska kr\u00e4ftor i Storesj\u00f6n.<\/p>\n\n\n\n<p>Tiderna f\u00f6r kr\u00e4ftfiske regleras av f\u00f6reningens \u00e5rsm\u00f6te. <\/p>\n\n\n\n<p>Till\u00e5tna datum f\u00f6r kr\u00e4ftfiske 2024 \u00e4r 7 augusti &#8211; 15 september. <\/p>\n","protected":false},"excerpt":{"rendered":"<p>Det g\u00e5r att fiska signalkr\u00e4ftor i Storesj\u00f6n f\u00f6r den med fisker\u00e4tt, det vill s\u00e4ga mark\u00e4gare runt sj\u00f6n. Fiskekortet via Ifiske ger inte r\u00e4tt att fiska kr\u00e4ftor i Storesj\u00f6n. Tiderna f\u00f6r kr\u00e4ftfiske regleras av f\u00f6reningens \u00e5rsm\u00f6te. Till\u00e5tna datum f\u00f6r kr\u00e4ftfiske 2024 \u00e4r 7 augusti &#8211; 15 september.<\/p>\n","protected":false},"author":1,"featured_media":0,"parent":0,"menu_order":0,"comment_status":"closed","ping_status":"closed","template":"","meta":{"om_disable_all_campaigns":false,"_monsterinsights_skip_tracking":false,"_monsterinsights_sitenote_active":false,"_monsterinsights_sitenote_note":"","_monsterinsights_sitenote_category":0,"_uf_show_specific_survey":0,"_uf_disable_surveys":false,"footnotes":""},"class_list":["post-33","page","type-page","status-publish","hentry"],"aioseo_notices":[],"_links":{"self":[{"href":"https:\/\/www.storesjon.se\/index.php?rest_route=\/wp\/v2\/pages\/33","targetHints":{"allow":["GET"]}}],"collection":[{"href":"https:\/\/www.storesjon.se\/index.php?rest_route=\/wp\/v2\/pages"}],"about":[{"href":"https:\/\/www.storesjon.se\/index.php?rest_route=\/wp\/v2\/types\/page"}],"author":[{"embeddable":true,"href":"https:\/\/www.storesjon.se\/index.php?rest_route=\/wp\/v2\/users\/1"}],"replies":[{"embeddable":true,"href":"https:\/\/www.storesjon.se\/index.php?rest_route=%2Fwp%2Fv2%2Fcomments&post=33"}],"version-history":[{"count":3,"href":"https:\/\/www.storesjon.se\/index.php?rest_route=\/wp\/v2\/pages\/33\/revisions"}],"predecessor-version":[{"id":38,"href":"https:\/\/www.storesjon.se\/index.php?rest_route=\/wp\/v2\/pages\/33\/revisions\/38"}],"wp:attachment":[{"href":"https:\/\/www.storesjon.se\/index.php?rest_route=%2Fwp%2Fv2%2Fmedia&parent=33"}],"curies":[{"name":"wp","href":"https:\/\/api.w.org\/{rel}","templated":true}]}}